{"id":725,"date":"2025-04-30T15:01:33","date_gmt":"2025-04-30T12:01:33","guid":{"rendered":"http:\/\/www.nakymatonreppu.fi\/?page_id=725"},"modified":"2025-10-15T13:44:02","modified_gmt":"2025-10-15T10:44:02","slug":"nukketeatteri","status":"publish","type":"page","link":"http:\/\/www.nakymatonreppu.fi\/?page_id=725","title":{"rendered":"Nukketeatteri"},"content":{"rendered":"\n<p>Poiesis-kollektiivi: N\u00c4KYM\u00c4T\u00d6N REPPU<\/p>\n\n\n\n<figure class=\"wp-block-gallery has-nested-images columns-default is-cropped wp-block-gallery-1 is-layout-flex wp-block-gallery-is-layout-flex\">\n<figure class=\"wp-block-image\"><img loading=\"lazy\" decoding=\"async\" width=\"2560\" height=\"1707\" data-id=\"731\" src=\"http:\/\/www.nakymatonreppu.fi\/wp-content\/uploads\/2025\/04\/NakymatonReppu__2-1-scaled.jpg\" alt=\"\" class=\"wp-image-731\" srcset=\"http:\/\/www.nakymatonreppu.fi\/wp-content\/uploads\/2025\/04\/NakymatonReppu__2-1-scaled.jpg 2560w, http:\/\/www.nakymatonreppu.fi\/wp-content\/uploads\/2025\/04\/NakymatonReppu__2-1-300x200.jpg 300w, http:\/\/www.nakymatonreppu.fi\/wp-content\/uploads\/2025\/04\/NakymatonReppu__2-1-1024x683.jpg 1024w, http:\/\/www.nakymatonreppu.fi\/wp-content\/uploads\/2025\/04\/NakymatonReppu__2-1-768x512.jpg 768w, http:\/\/www.nakymatonreppu.fi\/wp-content\/uploads\/2025\/04\/NakymatonReppu__2-1-1536x1024.jpg 1536w, http:\/\/www.nakymatonreppu.fi\/wp-content\/uploads\/2025\/04\/NakymatonReppu__2-1-2048x1365.jpg 2048w\" sizes=\"auto, (max-width: 706px) 89vw, (max-width: 767px) 82vw, 740px\" \/><\/figure>\n\n\n\n<figure class=\"wp-block-image\"><img loading=\"lazy\" decoding=\"async\" width=\"2560\" height=\"1707\" data-id=\"730\" src=\"http:\/\/www.nakymatonreppu.fi\/wp-content\/uploads\/2025\/04\/NakymatonReppu__1-1-scaled.jpg\" alt=\"\" class=\"wp-image-730\" srcset=\"http:\/\/www.nakymatonreppu.fi\/wp-content\/uploads\/2025\/04\/NakymatonReppu__1-1-scaled.jpg 2560w, http:\/\/www.nakymatonreppu.fi\/wp-content\/uploads\/2025\/04\/NakymatonReppu__1-1-300x200.jpg 300w, http:\/\/www.nakymatonreppu.fi\/wp-content\/uploads\/2025\/04\/NakymatonReppu__1-1-1024x683.jpg 1024w, http:\/\/www.nakymatonreppu.fi\/wp-content\/uploads\/2025\/04\/NakymatonReppu__1-1-768x512.jpg 768w, http:\/\/www.nakymatonreppu.fi\/wp-content\/uploads\/2025\/04\/NakymatonReppu__1-1-1536x1024.jpg 1536w, http:\/\/www.nakymatonreppu.fi\/wp-content\/uploads\/2025\/04\/NakymatonReppu__1-1-2048x1365.jpg 2048w\" sizes=\"auto, (max-width: 706px) 89vw, (max-width: 767px) 82vw, 740px\" \/><\/figure>\n\n\n\n<figure class=\"wp-block-image\"><img loading=\"lazy\" decoding=\"async\" width=\"2560\" height=\"1707\" data-id=\"729\" src=\"http:\/\/www.nakymatonreppu.fi\/wp-content\/uploads\/2025\/04\/NakymatonReppu__5-1-scaled.jpg\" alt=\"\" class=\"wp-image-729\" srcset=\"http:\/\/www.nakymatonreppu.fi\/wp-content\/uploads\/2025\/04\/NakymatonReppu__5-1-scaled.jpg 2560w, http:\/\/www.nakymatonreppu.fi\/wp-content\/uploads\/2025\/04\/NakymatonReppu__5-1-300x200.jpg 300w, http:\/\/www.nakymatonreppu.fi\/wp-content\/uploads\/2025\/04\/NakymatonReppu__5-1-1024x683.jpg 1024w, http:\/\/www.nakymatonreppu.fi\/wp-content\/uploads\/2025\/04\/NakymatonReppu__5-1-768x512.jpg 768w, http:\/\/www.nakymatonreppu.fi\/wp-content\/uploads\/2025\/04\/NakymatonReppu__5-1-1536x1024.jpg 1536w, http:\/\/www.nakymatonreppu.fi\/wp-content\/uploads\/2025\/04\/NakymatonReppu__5-1-2048x1365.jpg 2048w\" sizes=\"auto, (max-width: 706px) 89vw, (max-width: 767px) 82vw, 740px\" \/><\/figure>\n<\/figure>\n\n\n\n<p>Rosalilla on reppu, joka ei olekaan ihan tavallinen. Se on n\u00e4kym\u00e4t\u00f6n. Reppuun Rosali ker\u00e4\u00e4 haukotuksia, ponin harjaa, kiipeilypuun oksia, hoputtamisen vaatteita puettaessa. Kaikkea sit\u00e4, mit\u00e4 h\u00e4n kokee p\u00e4iv\u00e4n aikana possuyst\u00e4v\u00e4ns\u00e4 kanssa. Joskus reppu tulee kuitenkin liian t\u00e4yteen, ja silloin saattaa tapahtua ihan mit\u00e4 tahansa! N\u00e4kym\u00e4t\u00f6n reppu -esitys ohjaa tunnistamaan ja arvostamaan herkkyytt\u00e4. Herkkyys on my\u00f6s supervoima, jonka avulla el\u00e4m\u00e4n voi kokea kaikissa vivahteissaan! Teos haastaa pohtimaan, miten omaa reppua voisi kevent\u00e4\u00e4.<\/p>\n\n\n\n<p>Poiesis-kollektiivin lastenteoksissa sukelletaan arkimaailmasta satuun ja takaisin. Teoksissamme k\u00e4sitell\u00e4\u00e4n voimakkaitakin tunteita, ja niiss\u00e4 voi kokea kauneudesta haltioitumista.<\/p>\n\n\n\n<p>Ik\u00e4suositus: 5+ v.<\/p>\n\n\n\n<p>Kesto noin 35 min<\/p>\n\n\n\n<p>Kieli: suomi, vahvasti visuaalista kerrontaa<\/p>\n\n\n\n<p>Tietoa tulevista esityksist\u00e4 l\u00f6ytyy <a href=\"https:\/\/auraofpuppets.com\/esitys\/nakymaton-reppu\/\" data-type=\"link\" data-id=\"https:\/\/auraofpuppets.com\/esitys\/nakymaton-reppu\/\">t\u00e4\u00e4lt\u00e4<\/a>. <\/p>\n\n\n\n<p>TY\u00d6RYHM\u00c4:<\/p>\n\n\n\n<p>Alkuper\u00e4isteos: Maria Vilja<\/p>\n\n\n\n<p>Ohjaus: Perrine Ferrafiat ja Maria-Elina Koivula<\/p>\n\n\n\n<p>Dramatisointi, nukenrakennus, lavastus: Maria-Elina Koivula<\/p>\n\n\n\n<p>Apulaisohjaaja: Perrine Ferrafiat<\/p>\n\n\n\n<p>Valosuunnittelu: Jere Suontausta<\/p>\n\n\n\n<p>\u00c4\u00e4nisuunnittelu ja s\u00e4vellys: Roosa Halme<\/p>\n\n\n\n<p>Esiintyj\u00e4t: Linda Lemmetty, Mila Nirhamo ja Maria-Elina Koivula<\/p>\n\n\n\n<p>ESITYST\u00c4 OVAT TUKENEET: Otto A. Malmin lahjoitusrahasto, Jenny ja Antti Wihurin rahasto, Suomen kulttuurirahasto, Metropolitan puppets ry, Aura of Puppets<\/p>\n\n\n\n<p><\/p>\n","protected":false},"excerpt":{"rendered":"<p>Poiesis-kollektiivi: N\u00c4KYM\u00c4T\u00d6N REPPU Rosalilla on reppu, joka ei olekaan ihan tavallinen. Se on n\u00e4kym\u00e4t\u00f6n. Reppuun Rosali ker\u00e4\u00e4 haukotuksia, ponin harjaa, kiipeilypuun oksia, hoputtamisen vaatteita puettaessa. Kaikkea sit\u00e4, mit\u00e4 h\u00e4n kokee p\u00e4iv\u00e4n aikana possuyst\u00e4v\u00e4ns\u00e4 kanssa. Joskus reppu tulee kuitenkin liian t\u00e4yteen, ja silloin saattaa tapahtua ihan mit\u00e4 tahansa! N\u00e4kym\u00e4t\u00f6n reppu -esitys ohjaa tunnistamaan ja arvostamaan herkkyytt\u00e4. &hellip; <\/p>\n<p class=\"link-more\"><a href=\"http:\/\/www.nakymatonreppu.fi\/?page_id=725\" class=\"more-link\">Jatka lukemista<span class=\"screen-reader-text\"> &#8221;Nukketeatteri&#8221;<\/span><\/a><\/p>\n","protected":false},"author":1,"featured_media":0,"parent":0,"menu_order":0,"comment_status":"closed","ping_status":"closed","template":"","meta":{"_monsterinsights_skip_tracking":false,"_monsterinsights_sitenote_active":false,"_monsterinsights_sitenote_note":"","_monsterinsights_sitenote_category":0,"footnotes":""},"class_list":["post-725","page","type-page","status-publish","hentry"],"_links":{"self":[{"href":"http:\/\/www.nakymatonreppu.fi\/index.php?rest_route=\/wp\/v2\/pages\/725","targetHints":{"allow":["GET"]}}],"collection":[{"href":"http:\/\/www.nakymatonreppu.fi\/index.php?rest_route=\/wp\/v2\/pages"}],"about":[{"href":"http:\/\/www.nakymatonreppu.fi\/index.php?rest_route=\/wp\/v2\/types\/page"}],"author":[{"embeddable":true,"href":"http:\/\/www.nakymatonreppu.fi\/index.php?rest_route=\/wp\/v2\/users\/1"}],"replies":[{"embeddable":true,"href":"http:\/\/www.nakymatonreppu.fi\/index.php?rest_route=%2Fwp%2Fv2%2Fcomments&post=725"}],"version-history":[{"count":3,"href":"http:\/\/www.nakymatonreppu.fi\/index.php?rest_route=\/wp\/v2\/pages\/725\/revisions"}],"predecessor-version":[{"id":760,"href":"http:\/\/www.nakymatonreppu.fi\/index.php?rest_route=\/wp\/v2\/pages\/725\/revisions\/760"}],"wp:attachment":[{"href":"http:\/\/www.nakymatonreppu.fi\/index.php?rest_route=%2Fwp%2Fv2%2Fmedia&parent=725"}],"curies":[{"name":"wp","href":"https:\/\/api.w.org\/{rel}","templated":true}]}}