{"id":23,"date":"2022-03-07T12:42:02","date_gmt":"2022-03-07T10:42:02","guid":{"rendered":"http:\/\/www.nakymatonreppu.fi\/?page_id=23"},"modified":"2025-10-15T14:05:30","modified_gmt":"2025-10-15T11:05:30","slug":"kirja","status":"publish","type":"page","link":"http:\/\/www.nakymatonreppu.fi\/","title":{"rendered":"Kirjat"},"content":{"rendered":"\n<figure class=\"wp-block-pullquote\" style=\"font-style:normal;font-weight:100\"><blockquote><p>Tervetuloa tutustumaan N\u00e4kym\u00e4tt\u00f6m\u00e4\u00e4n reppuun. T\u00e4\u00e4lt\u00e4 l\u00f6yd\u00e4t tietoa N\u00e4kym\u00e4t\u00f6n reppu -lastenkirjasarjasta ja herkkyydest\u00e4. Mukavaa matkaa n\u00e4kym\u00e4tt\u00f6mien reppujen maailmaan! \/ Maria Vilja, kuvittaja, kirjailija, sosionomi ja taidepedagogi<\/p><\/blockquote><\/figure>\n\n\n\n<div class=\"wp-block-columns is-layout-flex wp-container-core-columns-is-layout-9d6595d7 wp-block-columns-is-layout-flex\">\n<div class=\"wp-block-column is-vertically-aligned-top is-layout-flow wp-block-column-is-layout-flow\" style=\"flex-basis:100%\">\n<div class=\"wp-block-columns is-layout-flex wp-container-core-columns-is-layout-9d6595d7 wp-block-columns-is-layout-flex\">\n<div class=\"wp-block-column is-layout-flow wp-block-column-is-layout-flow\">\n<p>N\u00e4kym\u00e4t\u00f6n reppu on lastenkirjasarja herk\u00e4n lapsen el\u00e4m\u00e4st\u00e4. Sarjaan kuuluvat N\u00e4kym\u00e4t\u00f6n reppu (Karisto, 2022), Villikissareppu (Karisto, 2023) ja Pohjaton reppu (Karisto, 2025). N\u00e4kym\u00e4tt\u00f6m\u00e4\u00e4n reppuun pohjautuva ty\u00f6pajakokonaisuus kiert\u00e4\u00e4 kirjastoja ja kulttuurikeskuksia. N\u00e4kym\u00e4tt\u00f6m\u00e4st\u00e4 repusta on olemassa my\u00f6s nukketeatteriesitys.<\/p>\n\n\n\n<p>Kirjasarjassa seikkailee <strong><em>Rosali<\/em><\/strong>-niminen lapsi. H\u00e4n kantaa sel\u00e4ss\u00e4\u00e4n erityist\u00e4 reppua. Reppuun Rosali ker\u00e4\u00e4 kaiken sen mik\u00e4 kiinnitt\u00e4\u00e4 h\u00e4nen huomionsa. Niit\u00e4 asioita on paljon: \u00e4\u00e4ni\u00e4, yksityiskohtia, tunnelmia, tuoksuja, leikkej\u00e4, harmeja ja iloja. <\/p>\n\n\n\n<p><\/p>\n<\/div>\n\n\n\n<div class=\"wp-block-column is-layout-flow wp-block-column-is-layout-flow\">\n<p>N\u00e4kym\u00e4t\u00f6n reppu kertoo voimasta ja rikkaudesta, joka liittyy herk\u00e4n ja voimakkaasti reagoivan ihmisen el\u00e4m\u00e4\u00e4n. Joskus reppu voi kuitenkin muuttua liian raskaaksi ja silloin tapahtuu kummia.<\/p>\n\n\n\n<p>Herkkyys on jokaisessa omanlaistaan. Se voi yll\u00e4tt\u00e4\u00e4. Se on ominaisuus, jolle kannattaa antaa tilaa kukoistaa. T\u00e4h\u00e4n tarvitaan avuksi tarkkasilm\u00e4isi\u00e4 aikuisia. Tarkoilla silmill\u00e4 voi n\u00e4hd\u00e4 n\u00e4kym\u00e4tt\u00f6mi\u00e4 reppuja. Yleens\u00e4 ne haluavat tulla n\u00e4hdyksi.<\/p>\n<\/div>\n<\/div>\n\n\n\n<p class=\"has-vivid-purple-color has-text-color\"><em>Kirjan p\u00e4\u00e4henkil\u00f6 Rosali on herkk\u00e4 lapsi. Lapsi, jolla on aina tuntosarvet pystyss\u00e4. Kuten kaikessa muussakin, my\u00f6s herkkyydess\u00e4 ihmiset ovat erilaisia kesken\u00e4\u00e4n. Herkkien ihmisten joukko on suuri ja moninainen ja on yksil\u00f6kohtaista mihin ja miten itse kukin reagoi. N\u00e4kym\u00e4t\u00f6n reppu- kirjasarja on olemassa auttaakseen voimakkaasti kokevia ja helposti kuormittuvia lapsia tutustumaan t\u00e4h\u00e4n t\u00e4rke\u00e4\u00e4n puoleen itsess\u00e4\u00e4n. <\/em><\/p>\n\n\n\n<p><\/p>\n\n\n\n<figure class=\"wp-block-gallery has-nested-images columns-default is-cropped wp-block-gallery-1 is-layout-flex wp-block-gallery-is-layout-flex\">\n<figure class=\"wp-block-image size-large is-style-default\"><img loading=\"lazy\" decoding=\"async\" width=\"1024\" height=\"426\" data-id=\"752\" src=\"http:\/\/www.nakymatonreppu.fi\/wp-content\/uploads\/2025\/10\/VKR_NR_kannet-kolme-yhdessa-1024x426.png\" alt=\"\" class=\"wp-image-752\" srcset=\"http:\/\/www.nakymatonreppu.fi\/wp-content\/uploads\/2025\/10\/VKR_NR_kannet-kolme-yhdessa-1024x426.png 1024w, http:\/\/www.nakymatonreppu.fi\/wp-content\/uploads\/2025\/10\/VKR_NR_kannet-kolme-yhdessa-300x125.png 300w, http:\/\/www.nakymatonreppu.fi\/wp-content\/uploads\/2025\/10\/VKR_NR_kannet-kolme-yhdessa-768x320.png 768w, http:\/\/www.nakymatonreppu.fi\/wp-content\/uploads\/2025\/10\/VKR_NR_kannet-kolme-yhdessa-1536x640.png 1536w, http:\/\/www.nakymatonreppu.fi\/wp-content\/uploads\/2025\/10\/VKR_NR_kannet-kolme-yhdessa.png 1585w\" sizes=\"auto, (max-width: 706px) 89vw, (max-width: 767px) 82vw, 740px\" \/><\/figure>\n<\/figure>\n<\/div>\n<\/div>\n\n\n<p><!-- \/wp:post-content --><\/p>\n<p><!-- wp:image {\"id\":120,\"sizeSlug\":\"large\",\"linkDestination\":\"none\",\"className\":\"is-style-default\"} --><\/p>\n<figure class=\"wp-block-image size-large is-style-default\"><\/figure>\n<p><!-- \/wp:image --><\/p>\n<p><!-- wp:pullquote {\"fontSize\":\"small\"} --><\/p>\n<figure class=\"wp-block-pullquote has-small-font-size\">\n<blockquote>\n<p><span style=\"font-size: 12pt;\">&#8221;Onko sinullakin sel\u00e4ss\u00e4si n\u00e4kym\u00e4t\u00f6n reppu? Mink\u00e4laisia asioita sin\u00e4 laitat sinne? Mit\u00e4 sinne menee huomaamattasi? S\u00e4ihkyyk\u00f6 se? Ehk\u00e4 se laulaa? Tuleeko reppu joskus liian raskaaksi? Ja mit\u00e4 silloin tapahtuu? T\u00e4m\u00e4 on kirja kaikille, joilla joskus on sel\u00e4ss\u00e4\u00e4n tuollainen reppu. Heid\u00e4n, jotka l\u00f6yt\u00e4v\u00e4t oman reppunsa kannattaa ottaa se hetkeksi sel\u00e4st\u00e4\u00e4n, avata vetoketju ja katsoa, mit\u00e4 kaikkea ihmeellist\u00e4 sen sis\u00e4lt\u00e4 l\u00f6ytyy.&#8221;<\/span><\/p>\n<\/blockquote>\n<\/figure>\n<p><!-- \/wp:pullquote --><\/p>\n<p><!-- wp:paragraph --><\/p>\n<p><!-- \/wp:paragraph --><\/p>\n<p><!-- wp:paragraph --><\/p>\n<p><!-- \/wp:paragraph --><\/p>\n<p><!-- wp:paragraph --><\/p>\n<p>avainsanat: herkkyys, erityisherkkyys, aistiherkkyys, neurokirjo, neuromoninaisuus, neurodiversiteetti, adhd, autismikirjo, erityisherkk\u00e4 lapsi, herkkyys, herkk\u00e4 lapsi, n\u00e4kym\u00e4t\u00f6n reppu, lastenkirja,<\/p>\n<p><!-- \/wp:paragraph --><\/p>\n\n<!-- wp:pullquote -->\n<figure class=\"wp-block-pullquote\"><blockquote><p><\/p><cite><mark style=\"background-color:rgba(0, 0, 0, 0)\" class=\"has-inline-color has-vivid-purple-color\">AJANKOHTAISTA:<br><br>N\u00e4kym\u00e4t\u00f6n reppu -kirjan kolmas painos on valmistumassa ja saapuu kauppoihin syksyn 2025 aikana.<br><br>N\u00e4kym\u00e4t\u00f6n reppu -ty\u00f6paja Helsingiss\u00e4 Arabianrannan kirjastossa ti 11.11.2025 klo 18-19. Ty\u00f6pajassa tehd\u00e4\u00e4n ihania reppukavereita N\u00e4kym\u00e4tt\u00f6m\u00e4n repun -hengess\u00e4 Mukana Reettaemilia Huhta.<\/mark><\/cite><\/blockquote><\/figure>\n<!-- \/wp:pullquote -->\n\n<!-- wp:paragraph -->\n<p><\/p>\n<!-- \/wp:paragraph -->","protected":false},"excerpt":{"rendered":"<p>Tervetuloa tutustumaan N\u00e4kym\u00e4tt\u00f6m\u00e4\u00e4n reppuun. T\u00e4\u00e4lt\u00e4 l\u00f6yd\u00e4t tietoa N\u00e4kym\u00e4t\u00f6n reppu -lastenkirjasarjasta ja herkkyydest\u00e4. Mukavaa matkaa n\u00e4kym\u00e4tt\u00f6mien reppujen maailmaan! \/ Maria Vilja, kuvittaja, kirjailija, sosionomi ja taidepedagogi N\u00e4kym\u00e4t\u00f6n reppu on lastenkirjasarja herk\u00e4n lapsen el\u00e4m\u00e4st\u00e4. Sarjaan kuuluvat N\u00e4kym\u00e4t\u00f6n reppu (Karisto, 2022), Villikissareppu (Karisto, 2023) ja Pohjaton reppu (Karisto, 2025). N\u00e4kym\u00e4tt\u00f6m\u00e4\u00e4n reppuun pohjautuva ty\u00f6pajakokonaisuus kiert\u00e4\u00e4 kirjastoja ja kulttuurikeskuksia. N\u00e4kym\u00e4tt\u00f6m\u00e4st\u00e4 &hellip; <\/p>\n<p class=\"link-more\"><a href=\"http:\/\/www.nakymatonreppu.fi\/\" class=\"more-link\">Jatka lukemista<span class=\"screen-reader-text\"> &#8221;Kirjat&#8221;<\/span><\/a><\/p>\n","protected":false},"author":1,"featured_media":638,"parent":0,"menu_order":0,"comment_status":"closed","ping_status":"closed","template":"","meta":{"_monsterinsights_skip_tracking":false,"_monsterinsights_sitenote_active":false,"_monsterinsights_sitenote_note":"","_monsterinsights_sitenote_category":0,"footnotes":""},"class_list":["post-23","page","type-page","status-publish","has-post-thumbnail","hentry"],"_links":{"self":[{"href":"http:\/\/www.nakymatonreppu.fi\/index.php?rest_route=\/wp\/v2\/pages\/23","targetHints":{"allow":["GET"]}}],"collection":[{"href":"http:\/\/www.nakymatonreppu.fi\/index.php?rest_route=\/wp\/v2\/pages"}],"about":[{"href":"http:\/\/www.nakymatonreppu.fi\/index.php?rest_route=\/wp\/v2\/types\/page"}],"author":[{"embeddable":true,"href":"http:\/\/www.nakymatonreppu.fi\/index.php?rest_route=\/wp\/v2\/users\/1"}],"replies":[{"embeddable":true,"href":"http:\/\/www.nakymatonreppu.fi\/index.php?rest_route=%2Fwp%2Fv2%2Fcomments&post=23"}],"version-history":[{"count":52,"href":"http:\/\/www.nakymatonreppu.fi\/index.php?rest_route=\/wp\/v2\/pages\/23\/revisions"}],"predecessor-version":[{"id":768,"href":"http:\/\/www.nakymatonreppu.fi\/index.php?rest_route=\/wp\/v2\/pages\/23\/revisions\/768"}],"wp:featuredmedia":[{"embeddable":true,"href":"http:\/\/www.nakymatonreppu.fi\/index.php?rest_route=\/wp\/v2\/media\/638"}],"wp:attachment":[{"href":"http:\/\/www.nakymatonreppu.fi\/index.php?rest_route=%2Fwp%2Fv2%2Fmedia&parent=23"}],"curies":[{"name":"wp","href":"https:\/\/api.w.org\/{rel}","templated":true}]}}